






{"id":21,"date":"2019-08-01T15:23:16","date_gmt":"2019-08-01T13:23:16","guid":{"rendered":"https:\/\/bayerdesign.coderi.de\/en\/?page_id=21"},"modified":"2023-11-20T10:24:47","modified_gmt":"2023-11-20T09:24:47","slug":"quality","status":"publish","type":"page","link":"https:\/\/bayer-design.com\/en\/quality\/","title":{"rendered":"About us"},"content":{"rendered":"<p><div class=\"fusion-fullwidth fullwidth-box fusion-builder-row-1 start_box_text nonhundred-percent-fullwidth non-hundred-percent-height-scrolling fusion-equal-height-columns\" style=\"background-color: rgba(255,255,255,0);background-position: center center;background-repeat: no-repeat;padding-top:80px;padding-right:0px;padding-bottom:60px;padding-left:0px;margin-bottom: 0px;margin-top: 0px;border-width: 0px 0px 0px 0px;border-color:#eae9e9;border-style:solid;\" ><div class=\"fusion-builder-row fusion-row\"><div class=\"fusion-layout-column fusion_builder_column fusion-builder-column-0 fusion_builder_column_1_4 1_4 fusion-one-fourth fusion-column-first\" style=\"width:25%;width:calc(25% - ( ( 4% + 4% ) * 0.25 ) );margin-right: 4%;margin-top:0px;margin-bottom:20px;\"><div class=\"fusion-column-wrapper fusion-flex-column-wrapper-legacy\" style=\"background-position:left top;background-repeat:no-repeat;-webkit-background-size:cover;-moz-background-size:cover;-o-background-size:cover;background-size:cover;padding: 0px 0px 0px 0px;\"><span class=\" fusion-imageframe imageframe-none imageframe-1 hover-type-none\"><img decoding=\"async\" width=\"600\" height=\"600\" title=\"aboutus_image_1\" src=\"https:\/\/bayer-design.com\/en\/wp-content\/uploads\/2023\/11\/aboutus_image_1.jpg\" data-orig-src=\"https:\/\/bayer-design.com\/en\/wp-content\/uploads\/2023\/11\/aboutus_image_1.jpg\" class=\"lazyload img-responsive wp-image-20141\" srcset=\"data:image\/svg+xml,%3Csvg%20xmlns%3D%27http%3A%2F%2Fwww.w3.org%2F2000%2Fsvg%27%20width%3D%27600%27%20height%3D%27600%27%20viewBox%3D%270%200%20600%20600%27%3E%3Crect%20width%3D%27600%27%20height%3D%27600%27%20fill-opacity%3D%220%22%2F%3E%3C%2Fsvg%3E\" data-srcset=\"https:\/\/bayer-design.com\/en\/wp-content\/uploads\/2023\/11\/aboutus_image_1-200x200.jpg 200w, https:\/\/bayer-design.com\/en\/wp-content\/uploads\/2023\/11\/aboutus_image_1-400x400.jpg 400w, https:\/\/bayer-design.com\/en\/wp-content\/uploads\/2023\/11\/aboutus_image_1.jpg 600w\" data-sizes=\"auto\" data-orig-sizes=\"(max-width: 800px) 100vw, 400px\" \/><\/span><div class=\"fusion-sep-clear\"><\/div><div class=\"fusion-separator fusion-full-width-sep\" style=\"margin-left: auto;margin-right: auto;margin-bottom:25px;width:100%;\"><\/div><div class=\"fusion-sep-clear\"><\/div><span class=\" fusion-imageframe imageframe-none imageframe-2 hover-type-none\"><img decoding=\"async\" width=\"600\" height=\"600\" title=\"aboutus_image_2\" src=\"https:\/\/bayer-design.com\/en\/wp-content\/uploads\/2023\/11\/aboutus_image_2.jpg\" data-orig-src=\"https:\/\/bayer-design.com\/en\/wp-content\/uploads\/2023\/11\/aboutus_image_2.jpg\" class=\"lazyload img-responsive wp-image-20142\" srcset=\"data:image\/svg+xml,%3Csvg%20xmlns%3D%27http%3A%2F%2Fwww.w3.org%2F2000%2Fsvg%27%20width%3D%27600%27%20height%3D%27600%27%20viewBox%3D%270%200%20600%20600%27%3E%3Crect%20width%3D%27600%27%20height%3D%27600%27%20fill-opacity%3D%220%22%2F%3E%3C%2Fsvg%3E\" data-srcset=\"https:\/\/bayer-design.com\/en\/wp-content\/uploads\/2023\/11\/aboutus_image_2-200x200.jpg 200w, https:\/\/bayer-design.com\/en\/wp-content\/uploads\/2023\/11\/aboutus_image_2-400x400.jpg 400w, https:\/\/bayer-design.com\/en\/wp-content\/uploads\/2023\/11\/aboutus_image_2.jpg 600w\" data-sizes=\"auto\" data-orig-sizes=\"(max-width: 800px) 100vw, 400px\" \/><\/span><div class=\"fusion-sep-clear\"><\/div><div class=\"fusion-separator fusion-full-width-sep\" style=\"margin-left: auto;margin-right: auto;margin-bottom:25px;width:100%;\"><\/div><div class=\"fusion-sep-clear\"><\/div><span class=\" fusion-imageframe imageframe-none imageframe-3 hover-type-none\"><img decoding=\"async\" width=\"600\" height=\"600\" title=\"aboutus_image_3\" src=\"https:\/\/bayer-design.com\/en\/wp-content\/uploads\/2023\/11\/aboutus_image_3.jpg\" data-orig-src=\"https:\/\/bayer-design.com\/en\/wp-content\/uploads\/2023\/11\/aboutus_image_3.jpg\" class=\"lazyload img-responsive wp-image-20143\" srcset=\"data:image\/svg+xml,%3Csvg%20xmlns%3D%27http%3A%2F%2Fwww.w3.org%2F2000%2Fsvg%27%20width%3D%27600%27%20height%3D%27600%27%20viewBox%3D%270%200%20600%20600%27%3E%3Crect%20width%3D%27600%27%20height%3D%27600%27%20fill-opacity%3D%220%22%2F%3E%3C%2Fsvg%3E\" data-srcset=\"https:\/\/bayer-design.com\/en\/wp-content\/uploads\/2023\/11\/aboutus_image_3-200x200.jpg 200w, https:\/\/bayer-design.com\/en\/wp-content\/uploads\/2023\/11\/aboutus_image_3-400x400.jpg 400w, https:\/\/bayer-design.com\/en\/wp-content\/uploads\/2023\/11\/aboutus_image_3.jpg 600w\" data-sizes=\"auto\" data-orig-sizes=\"(max-width: 800px) 100vw, 400px\" \/><\/span><div class=\"fusion-clearfix\"><\/div><\/div><\/div><div class=\"fusion-layout-column fusion_builder_column fusion-builder-column-1 fusion_builder_column_1_2 1_2 fusion-one-half\" style=\"width:50%;width:calc(50% - ( ( 4% + 4% ) * 0.5 ) );margin-right: 4%;margin-top:0px;margin-bottom:20px;\"><div class=\"fusion-column-wrapper fusion-column-has-shadow fusion-flex-column-wrapper-legacy\" style=\"background-position:left top;background-repeat:no-repeat;-webkit-background-size:cover;-moz-background-size:cover;-o-background-size:cover;background-size:cover;border-radius:4px 4px 4px 4px;background-color:#ffffff;border-radius:4px 4px 4px 4px;overflow:hidden;box-shadow:2px 2px 5px 2px #999999;;padding: 20px 10px 20px 10px;\"><div class=\"fusion-sep-clear\"><\/div><div class=\"fusion-separator fusion-full-width-sep\" style=\"margin-left: auto;margin-right: auto;margin-top:20px;width:100%;\"><\/div><div class=\"fusion-sep-clear\"><\/div><div class=\"fusion-text fusion-text-1\"><h2 style=\"text-align: center;\">Bayer Design<\/h2>\n<p>Ever since we were founded, we, Bayer Design Fritz Bayer GmbH &amp; Co. KG, have been deeply rooted in the tradition of puppetry. As a world-renowned manufacturer of dolls, doll prams and doll accessories, we are proud to have brought joy and entertainment to generations of children with our high-quality products. Our deep passion for what we do is demonstrated by our commitment to outstanding craftsmanship and impeccable quality.<\/p>\n<p>Our head office is located in the heart of Germany, where we successfully look back on our long tradition of doll making. But our influence extends far beyond our national borders. With customers all over the world, we strive to share a piece of this long-term experience in each of our products.<\/p>\n<p>Each of our dolls, prams and doll accessories is made with the utmost care and attention to detail to meet the highest quality standards that our customers have come to expect from us. We always keep an eye on the children&#8217;s imagination and fun.<\/p>\n<p>Our mission is not just to make toys, but to create joy, creativity and unforgettable childhood memories. If you are looking for authentic, durable and safe doll toys, Bayer Design is your number one choice.<\/p>\n<p>We look forward to inviting you to the world of Bayer Design. Here, dolls are more than just toys &#8211; they are friends who accompany children on their journey through childhood.<\/p>\n<\/div><div class=\"fusion-clearfix\"><\/div><\/div><\/div><div class=\"fusion-layout-column fusion_builder_column fusion-builder-column-2 fusion_builder_column_1_4 1_4 fusion-one-fourth fusion-column-last\" style=\"width:25%;width:calc(25% - ( ( 4% + 4% ) * 0.25 ) );margin-top:0px;margin-bottom:20px;\"><div class=\"fusion-column-wrapper fusion-flex-column-wrapper-legacy\" style=\"background-position:left top;background-repeat:no-repeat;-webkit-background-size:cover;-moz-background-size:cover;-o-background-size:cover;background-size:cover;padding: 0px 0px 0px 0px;\"><span class=\" fusion-imageframe imageframe-none imageframe-4 hover-type-none\"><img decoding=\"async\" width=\"600\" height=\"600\" title=\"aboutus_image_4\" src=\"https:\/\/bayer-design.com\/en\/wp-content\/uploads\/2023\/11\/aboutus_image_4.jpg\" data-orig-src=\"https:\/\/bayer-design.com\/en\/wp-content\/uploads\/2023\/11\/aboutus_image_4.jpg\" class=\"lazyload img-responsive wp-image-20144\" srcset=\"data:image\/svg+xml,%3Csvg%20xmlns%3D%27http%3A%2F%2Fwww.w3.org%2F2000%2Fsvg%27%20width%3D%27600%27%20height%3D%27600%27%20viewBox%3D%270%200%20600%20600%27%3E%3Crect%20width%3D%27600%27%20height%3D%27600%27%20fill-opacity%3D%220%22%2F%3E%3C%2Fsvg%3E\" data-srcset=\"https:\/\/bayer-design.com\/en\/wp-content\/uploads\/2023\/11\/aboutus_image_4-200x200.jpg 200w, https:\/\/bayer-design.com\/en\/wp-content\/uploads\/2023\/11\/aboutus_image_4-400x400.jpg 400w, https:\/\/bayer-design.com\/en\/wp-content\/uploads\/2023\/11\/aboutus_image_4.jpg 600w\" data-sizes=\"auto\" data-orig-sizes=\"(max-width: 800px) 100vw, 400px\" \/><\/span><div class=\"fusion-sep-clear\"><\/div><div class=\"fusion-separator fusion-full-width-sep\" style=\"margin-left: auto;margin-right: auto;margin-bottom:25px;width:100%;\"><\/div><div class=\"fusion-sep-clear\"><\/div><span class=\" fusion-imageframe imageframe-none imageframe-5 hover-type-none\"><img decoding=\"async\" width=\"600\" height=\"600\" title=\"aboutus_image_5\" src=\"https:\/\/bayer-design.com\/en\/wp-content\/uploads\/2023\/11\/aboutus_image_5.jpg\" data-orig-src=\"https:\/\/bayer-design.com\/en\/wp-content\/uploads\/2023\/11\/aboutus_image_5.jpg\" class=\"lazyload img-responsive wp-image-20145\" srcset=\"data:image\/svg+xml,%3Csvg%20xmlns%3D%27http%3A%2F%2Fwww.w3.org%2F2000%2Fsvg%27%20width%3D%27600%27%20height%3D%27600%27%20viewBox%3D%270%200%20600%20600%27%3E%3Crect%20width%3D%27600%27%20height%3D%27600%27%20fill-opacity%3D%220%22%2F%3E%3C%2Fsvg%3E\" data-srcset=\"https:\/\/bayer-design.com\/en\/wp-content\/uploads\/2023\/11\/aboutus_image_5-200x200.jpg 200w, https:\/\/bayer-design.com\/en\/wp-content\/uploads\/2023\/11\/aboutus_image_5-400x400.jpg 400w, https:\/\/bayer-design.com\/en\/wp-content\/uploads\/2023\/11\/aboutus_image_5.jpg 600w\" data-sizes=\"auto\" data-orig-sizes=\"(max-width: 800px) 100vw, 400px\" \/><\/span><div class=\"fusion-sep-clear\"><\/div><div class=\"fusion-separator fusion-full-width-sep\" style=\"margin-left: auto;margin-right: auto;margin-bottom:25px;width:100%;\"><\/div><div class=\"fusion-sep-clear\"><\/div><span class=\" fusion-imageframe imageframe-none imageframe-6 hover-type-none\"><img decoding=\"async\" width=\"600\" height=\"600\" title=\"aboutus_image_6\" src=\"https:\/\/bayer-design.com\/en\/wp-content\/uploads\/2023\/11\/aboutus_image_6.jpg\" data-orig-src=\"https:\/\/bayer-design.com\/en\/wp-content\/uploads\/2023\/11\/aboutus_image_6.jpg\" class=\"lazyload img-responsive wp-image-20146\" srcset=\"data:image\/svg+xml,%3Csvg%20xmlns%3D%27http%3A%2F%2Fwww.w3.org%2F2000%2Fsvg%27%20width%3D%27600%27%20height%3D%27600%27%20viewBox%3D%270%200%20600%20600%27%3E%3Crect%20width%3D%27600%27%20height%3D%27600%27%20fill-opacity%3D%220%22%2F%3E%3C%2Fsvg%3E\" data-srcset=\"https:\/\/bayer-design.com\/en\/wp-content\/uploads\/2023\/11\/aboutus_image_6-200x200.jpg 200w, https:\/\/bayer-design.com\/en\/wp-content\/uploads\/2023\/11\/aboutus_image_6-400x400.jpg 400w, https:\/\/bayer-design.com\/en\/wp-content\/uploads\/2023\/11\/aboutus_image_6.jpg 600w\" data-sizes=\"auto\" data-orig-sizes=\"(max-width: 800px) 100vw, 400px\" \/><\/span><div class=\"fusion-clearfix\"><\/div><\/div><\/div><\/div><\/div><div class=\"fusion-fullwidth fullwidth-box fusion-builder-row-2 start_box_text nonhundred-percent-fullwidth non-hundred-percent-height-scrolling fusion-equal-height-columns\" style=\"background-color: rgba(255,255,255,0);background-position: center center;background-repeat: no-repeat;padding-top:0px;padding-right:0px;padding-bottom:0px;padding-left:0px;margin-bottom: 0px;margin-top: 0px;border-width: 0px 0px 0px 0px;border-color:#eae9e9;border-style:solid;\" ><div class=\"fusion-builder-row fusion-row\"><div class=\"fusion-layout-column fusion_builder_column fusion-builder-column-3 fusion_builder_column_1_1 1_1 fusion-one-full fusion-column-first fusion-column-last\" style=\"margin-top:0px;margin-bottom:20px;\"><div class=\"fusion-column-wrapper fusion-column-has-shadow fusion-flex-column-wrapper-legacy\" style=\"background-position:left top;background-repeat:no-repeat;-webkit-background-size:cover;-moz-background-size:cover;-o-background-size:cover;background-size:cover;border-radius:4px 4px 4px 4px;background-color:#ffffff;border-radius:4px 4px 4px 4px;overflow:hidden;box-shadow:2px 2px 5px 2px #999999;;padding: 20px 10px 20px 10px;\"><div class=\"fusion-text fusion-text-2\"><p>To ensure the quality and safety of our toys, they are extensively tested. Chemical tests include e.g.<\/p>\n<\/div>\n<div class=\"table-1\">\n<table>\n<tbody>\n<tr>\n<td>Aluminium<\/td>\n<td>Antiomony<\/td>\n<td>Arsenic<\/td>\n<td>Barium<\/td>\n<td>Boron<\/td>\n<td>Cadmium<\/td>\n<\/tr>\n<tr>\n<td>Chromium<\/td>\n<td>Cobal<\/td>\n<td>Copper<\/td>\n<td>Lead<\/td>\n<td>Manganese<\/td>\n<td>Mercury<\/td>\n<\/tr>\n<tr>\n<td>Nickel<\/td>\n<td>Selenium<\/td>\n<td>Strontium<\/td>\n<td>Tin (Sn)<\/td>\n<td>Organic<\/td>\n<td>Zinc (Zn)<\/td>\n<\/tr>\n<tr>\n<td>Dibutyl phthalate (DBP)<\/td>\n<td>Benzylbutyl phthalate\u00a0 (BBP)<\/td>\n<td>Diethylhexyl phthalate (DEHP)<\/td>\n<td>Di-n-octyl phthalate (DNOP)<\/td>\n<td>Diisodecyl phthalate\u00a0 (DIDP)<\/td>\n<td>Diisononyl phthalate (DINP)<\/td>\n<\/tr>\n<\/tbody>\n<\/table>\n<\/div>\n<div class=\"fusion-sep-clear\"><\/div><div class=\"fusion-separator fusion-full-width-sep\" style=\"margin-left: auto;margin-right: auto;margin-top:20px;width:100%;\"><\/div><div class=\"fusion-sep-clear\"><\/div><div class=\"fusion-text fusion-text-3\"><p>We are working with, among others with the test of our products, only recognized international testing institutes, such as T\u00fcv Rheinland, T\u00fcv S\u00fcd and SGS.<\/p>\n<p>We attach great importance to the quality and safety of our products in order to put a smile on every child&#8217;s face with our products.<\/p>\n<\/div><div class=\"fusion-clearfix\"><\/div><\/div><\/div><\/div><\/div><\/p>\n","protected":false},"excerpt":{"rendered":"","protected":false},"author":1,"featured_media":0,"parent":0,"menu_order":30,"comment_status":"closed","ping_status":"closed","template":"","meta":{"_acf_changed":false,"footnotes":""},"class_list":["post-21","page","type-page","status-publish","hentry"],"acf":[],"yoast_head":"<!-- This site is optimized with the Yoast SEO plugin v27.3 - https:\/\/yoast.com\/product\/yoast-seo-wordpress\/ -->\n<title>About us &#8902; Bayer Design EN<\/title>\n<meta name=\"robots\" content=\"index, follow, max-snippet:-1, max-image-preview:large, max-video-preview:-1\" \/>\n<link rel=\"canonical\" href=\"https:\/\/bayer-design.com\/en\/quality\/\" \/>\n<meta property=\"og:locale\" content=\"en_US\" \/>\n<meta property=\"og:type\" content=\"article\" \/>\n<meta property=\"og:title\" content=\"About us &#8902; Bayer Design EN\" \/>\n<meta property=\"og:url\" content=\"https:\/\/bayer-design.com\/en\/quality\/\" \/>\n<meta property=\"og:site_name\" content=\"Bayer Design EN\" \/>\n<meta property=\"article:publisher\" content=\"https:\/\/www.facebook.com\/bayerspielwaren\" \/>\n<meta property=\"article:modified_time\" content=\"2023-11-20T09:24:47+00:00\" \/>\n<meta name=\"twitter:card\" content=\"summary_large_image\" \/>\n<meta name=\"twitter:label1\" content=\"Est. reading time\" \/>\n\t<meta name=\"twitter:data1\" content=\"14 minutes\" \/>\n<script type=\"application\/ld+json\" class=\"yoast-schema-graph\">{\"@context\":\"https:\\\/\\\/schema.org\",\"@graph\":[{\"@type\":\"WebPage\",\"@id\":\"https:\\\/\\\/bayer-design.com\\\/en\\\/quality\\\/\",\"url\":\"https:\\\/\\\/bayer-design.com\\\/en\\\/quality\\\/\",\"name\":\"About us &#8902; Bayer Design EN\",\"isPartOf\":{\"@id\":\"https:\\\/\\\/bayer-design.com\\\/en\\\/#website\"},\"datePublished\":\"2019-08-01T13:23:16+00:00\",\"dateModified\":\"2023-11-20T09:24:47+00:00\",\"breadcrumb\":{\"@id\":\"https:\\\/\\\/bayer-design.com\\\/en\\\/quality\\\/#breadcrumb\"},\"inLanguage\":\"en-US\",\"potentialAction\":[{\"@type\":\"ReadAction\",\"target\":[\"https:\\\/\\\/bayer-design.com\\\/en\\\/quality\\\/\"]}]},{\"@type\":\"BreadcrumbList\",\"@id\":\"https:\\\/\\\/bayer-design.com\\\/en\\\/quality\\\/#breadcrumb\",\"itemListElement\":[{\"@type\":\"ListItem\",\"position\":1,\"name\":\"Startseite\",\"item\":\"https:\\\/\\\/bayer-design.com\\\/en\\\/\"},{\"@type\":\"ListItem\",\"position\":2,\"name\":\"Quality\"}]},{\"@type\":\"WebSite\",\"@id\":\"https:\\\/\\\/bayer-design.com\\\/en\\\/#website\",\"url\":\"https:\\\/\\\/bayer-design.com\\\/en\\\/\",\"name\":\"Bayer Design EN\",\"description\":\"Fritz Bayer GmbH &amp; Co. KG\",\"publisher\":{\"@id\":\"https:\\\/\\\/bayer-design.com\\\/en\\\/#organization\"},\"potentialAction\":[{\"@type\":\"SearchAction\",\"target\":{\"@type\":\"EntryPoint\",\"urlTemplate\":\"https:\\\/\\\/bayer-design.com\\\/en\\\/?s={search_term_string}\"},\"query-input\":{\"@type\":\"PropertyValueSpecification\",\"valueRequired\":true,\"valueName\":\"search_term_string\"}}],\"inLanguage\":\"en-US\"},{\"@type\":\"Organization\",\"@id\":\"https:\\\/\\\/bayer-design.com\\\/en\\\/#organization\",\"name\":\"Fritz Bayer GmbH & Co. KG\",\"url\":\"https:\\\/\\\/bayer-design.com\\\/en\\\/\",\"logo\":{\"@type\":\"ImageObject\",\"inLanguage\":\"en-US\",\"@id\":\"https:\\\/\\\/bayer-design.com\\\/en\\\/#\\\/schema\\\/logo\\\/image\\\/\",\"url\":\"\",\"contentUrl\":\"\",\"caption\":\"Fritz Bayer GmbH & Co. KG\"},\"image\":{\"@id\":\"https:\\\/\\\/bayer-design.com\\\/en\\\/#\\\/schema\\\/logo\\\/image\\\/\"},\"sameAs\":[\"https:\\\/\\\/www.facebook.com\\\/bayerspielwaren\",\"https:\\\/\\\/www.instagram.com\\\/bayerdesign\\\/\",\"https:\\\/\\\/www.youtube.com\\\/user\\\/BayerDesign\"]}]}<\/script>\n<!-- \/ Yoast SEO plugin. -->","yoast_head_json":{"title":"About us &#8902; Bayer Design EN","robots":{"index":"index","follow":"follow","max-snippet":"max-snippet:-1","max-image-preview":"max-image-preview:large","max-video-preview":"max-video-preview:-1"},"canonical":"https:\/\/bayer-design.com\/en\/quality\/","og_locale":"en_US","og_type":"article","og_title":"About us &#8902; Bayer Design EN","og_url":"https:\/\/bayer-design.com\/en\/quality\/","og_site_name":"Bayer Design EN","article_publisher":"https:\/\/www.facebook.com\/bayerspielwaren","article_modified_time":"2023-11-20T09:24:47+00:00","twitter_card":"summary_large_image","twitter_misc":{"Est. reading time":"14 minutes"},"schema":{"@context":"https:\/\/schema.org","@graph":[{"@type":"WebPage","@id":"https:\/\/bayer-design.com\/en\/quality\/","url":"https:\/\/bayer-design.com\/en\/quality\/","name":"About us &#8902; Bayer Design EN","isPartOf":{"@id":"https:\/\/bayer-design.com\/en\/#website"},"datePublished":"2019-08-01T13:23:16+00:00","dateModified":"2023-11-20T09:24:47+00:00","breadcrumb":{"@id":"https:\/\/bayer-design.com\/en\/quality\/#breadcrumb"},"inLanguage":"en-US","potentialAction":[{"@type":"ReadAction","target":["https:\/\/bayer-design.com\/en\/quality\/"]}]},{"@type":"BreadcrumbList","@id":"https:\/\/bayer-design.com\/en\/quality\/#breadcrumb","itemListElement":[{"@type":"ListItem","position":1,"name":"Startseite","item":"https:\/\/bayer-design.com\/en\/"},{"@type":"ListItem","position":2,"name":"Quality"}]},{"@type":"WebSite","@id":"https:\/\/bayer-design.com\/en\/#website","url":"https:\/\/bayer-design.com\/en\/","name":"Bayer Design EN","description":"Fritz Bayer GmbH &amp; Co. KG","publisher":{"@id":"https:\/\/bayer-design.com\/en\/#organization"},"potentialAction":[{"@type":"SearchAction","target":{"@type":"EntryPoint","urlTemplate":"https:\/\/bayer-design.com\/en\/?s={search_term_string}"},"query-input":{"@type":"PropertyValueSpecification","valueRequired":true,"valueName":"search_term_string"}}],"inLanguage":"en-US"},{"@type":"Organization","@id":"https:\/\/bayer-design.com\/en\/#organization","name":"Fritz Bayer GmbH & Co. KG","url":"https:\/\/bayer-design.com\/en\/","logo":{"@type":"ImageObject","inLanguage":"en-US","@id":"https:\/\/bayer-design.com\/en\/#\/schema\/logo\/image\/","url":"","contentUrl":"","caption":"Fritz Bayer GmbH & Co. KG"},"image":{"@id":"https:\/\/bayer-design.com\/en\/#\/schema\/logo\/image\/"},"sameAs":["https:\/\/www.facebook.com\/bayerspielwaren","https:\/\/www.instagram.com\/bayerdesign\/","https:\/\/www.youtube.com\/user\/BayerDesign"]}]}},"_links":{"self":[{"href":"https:\/\/bayer-design.com\/en\/wp-json\/wp\/v2\/pages\/21","targetHints":{"allow":["GET"]}}],"collection":[{"href":"https:\/\/bayer-design.com\/en\/wp-json\/wp\/v2\/pages"}],"about":[{"href":"https:\/\/bayer-design.com\/en\/wp-json\/wp\/v2\/types\/page"}],"author":[{"embeddable":true,"href":"https:\/\/bayer-design.com\/en\/wp-json\/wp\/v2\/users\/1"}],"replies":[{"embeddable":true,"href":"https:\/\/bayer-design.com\/en\/wp-json\/wp\/v2\/comments?post=21"}],"version-history":[{"count":13,"href":"https:\/\/bayer-design.com\/en\/wp-json\/wp\/v2\/pages\/21\/revisions"}],"predecessor-version":[{"id":20454,"href":"https:\/\/bayer-design.com\/en\/wp-json\/wp\/v2\/pages\/21\/revisions\/20454"}],"wp:attachment":[{"href":"https:\/\/bayer-design.com\/en\/wp-json\/wp\/v2\/media?parent=21"}],"curies":[{"name":"wp","href":"https:\/\/api.w.org\/{rel}","templated":true}]}}